{"id":243887,"date":"2022-10-30T21:23:31","date_gmt":"2022-10-31T01:23:31","guid":{"rendered":"https:\/\/artistepeintre-jeangareau.com\/notes-biographiques\/"},"modified":"2023-03-04T16:03:24","modified_gmt":"2023-03-04T20:03:24","slug":"notes-biographiques","status":"publish","type":"page","link":"http:\/\/artistepeintre-jeangareau.com\/fr\/notes-biographiques\/","title":{"rendered":"Notes biographiques"},"content":{"rendered":"<p>[et_pb_section fb_built=\u00a0\u00bb1&Prime; _builder_version=\u00a0\u00bb4.19.5&Prime; _module_preset=\u00a0\u00bbdefault\u00a0\u00bb background_color=\u00a0\u00bbrgba(0,0,0,0.75)\u00a0\u00bb background_image=\u00a0\u00bbhttp:\/\/artistepeintre-jeangareau.com\/wp-content\/uploads\/2023\/02\/9.jpg\u00a0\u00bb background_blend=\u00a0\u00bbmultiply\u00a0\u00bb custom_margin=\u00a0\u00bb0px|0px|0px|0px|false|false\u00a0\u00bb custom_padding=\u00a0\u00bb0px|0px|0px|0px|false|false\u00a0\u00bb global_colors_info=\u00a0\u00bb{}\u00a0\u00bb][et_pb_row _builder_version=\u00a0\u00bb4.19.5&Prime; _module_preset=\u00a0\u00bbdefault\u00a0\u00bb background_color=\u00a0\u00bb#FFFFFF\u00a0\u00bb background_enable_image=\u00a0\u00bboff\u00a0\u00bb width_tablet=\u00a0\u00bb100%\u00a0\u00bb width_phone=\u00a0\u00bb100%\u00a0\u00bb width_last_edited=\u00a0\u00bbon|phone\u00a0\u00bb custom_padding=\u00a0\u00bb0px||0px||false|false\u00a0\u00bb box_shadow_style=\u00a0\u00bbpreset1&Prime; global_colors_info=\u00a0\u00bb{}\u00a0\u00bb][et_pb_column type=\u00a0\u00bb4_4&Prime; _builder_version=\u00a0\u00bb4.19.5&Prime; _module_preset=\u00a0\u00bbdefault\u00a0\u00bb global_colors_info=\u00a0\u00bb{}\u00a0\u00bb][et_pb_text _builder_version=\u00a0\u00bb4.20.0&Prime; _module_preset=\u00a0\u00bbdefault\u00a0\u00bb header_font=\u00a0\u00bb|700||on|||||\u00a0\u00bb header_text_align=\u00a0\u00bbcenter\u00a0\u00bb header_text_color=\u00a0\u00bb#000000&Prime; header_font_size=\u00a0\u00bb70px\u00a0\u00bb header_letter_spacing=\u00a0\u00bb-2px\u00a0\u00bb custom_margin=\u00a0\u00bb50px||50px||false|false\u00a0\u00bb custom_margin_tablet=\u00a0\u00bb10px||10px||false|false\u00a0\u00bb custom_margin_phone=\u00a0\u00bb10px||10px||false|false\u00a0\u00bb custom_margin_last_edited=\u00a0\u00bbon|phone\u00a0\u00bb header_font_size_tablet=\u00a0\u00bb50px\u00a0\u00bb header_font_size_phone=\u00a0\u00bb49px\u00a0\u00bb header_font_size_last_edited=\u00a0\u00bbon|desktop\u00a0\u00bb global_colors_info=\u00a0\u00bb{}\u00a0\u00bb]<\/p>\n<h1 style=\"text-align: center;\">Jean Gareau<\/h1>\n<p>[\/et_pb_text][\/et_pb_column][\/et_pb_row][et_pb_row column_structure=\u00a0\u00bb1_2,1_2&Prime; _builder_version=\u00a0\u00bb4.20.0&Prime; _module_preset=\u00a0\u00bbdefault\u00a0\u00bb background_color=\u00a0\u00bb#FFFFFF\u00a0\u00bb background_enable_image=\u00a0\u00bboff\u00a0\u00bb width_tablet=\u00a0\u00bb100%\u00a0\u00bb width_phone=\u00a0\u00bb100%\u00a0\u00bb width_last_edited=\u00a0\u00bbon|phone\u00a0\u00bb custom_padding=\u00a0\u00bb|50px||50px|false|true\u00a0\u00bb box_shadow_style=\u00a0\u00bbpreset1&Prime; box_shadow_vertical=\u00a0\u00bb17px\u00a0\u00bb global_colors_info=\u00a0\u00bb{}\u00a0\u00bb][et_pb_column type=\u00a0\u00bb1_2&Prime; _builder_version=\u00a0\u00bb4.19.5&Prime; _module_preset=\u00a0\u00bbdefault\u00a0\u00bb global_colors_info=\u00a0\u00bb{}\u00a0\u00bb][et_pb_image src=\u00a0\u00bbhttp:\/\/artistepeintre-jeangareau.com\/wp-content\/uploads\/2022\/10\/Jean-Gareau-2.jpg\u00a0\u00bb title_text=\u00a0\u00bbJean-Gareau\u00a0\u00bb _builder_version=\u00a0\u00bb4.20.0&Prime; _module_preset=\u00a0\u00bbdefault\u00a0\u00bb module_alignment=\u00a0\u00bbcenter\u00a0\u00bb custom_padding=\u00a0\u00bb||||false|false\u00a0\u00bb hover_enabled=\u00a0\u00bb0&Prime; global_colors_info=\u00a0\u00bb{}\u00a0\u00bb width=\u00a0\u00bb80%\u00a0\u00bb custom_margin=\u00a0\u00bb||||false|false\u00a0\u00bb sticky_enabled=\u00a0\u00bb0&Prime;][\/et_pb_image][\/et_pb_column][et_pb_column _builder_version=\u00a0\u00bb4.20.0&Prime; _module_preset=\u00a0\u00bbdefault\u00a0\u00bb type=\u00a0\u00bb1_2&Prime;][et_pb_text _builder_version=\u00a0\u00bb4.20.0&Prime; _module_preset=\u00a0\u00bbdefault\u00a0\u00bb header_font=\u00a0\u00bb|700|||||||\u00a0\u00bb header_text_align=\u00a0\u00bbcenter\u00a0\u00bb header_text_color=\u00a0\u00bb#FFFFFF\u00a0\u00bb header_font_size=\u00a0\u00bb40px\u00a0\u00bb header_letter_spacing=\u00a0\u00bb-2px\u00a0\u00bb custom_margin=\u00a0\u00bb20px||20px||false|false\u00a0\u00bb custom_margin_tablet=\u00a0\u00bb10px||10px||false|false\u00a0\u00bb custom_margin_phone=\u00a0\u00bb10px||10px||false|false\u00a0\u00bb custom_margin_last_edited=\u00a0\u00bbon|phone\u00a0\u00bb hover_enabled=\u00a0\u00bb0&Prime; header_font_size_tablet=\u00a0\u00bb50px\u00a0\u00bb header_font_size_phone=\u00a0\u00bb49px\u00a0\u00bb header_font_size_last_edited=\u00a0\u00bbon|desktop\u00a0\u00bb global_colors_info=\u00a0\u00bb{}\u00a0\u00bb background_color=\u00a0\u00bb#000000&Prime; custom_padding=\u00a0\u00bb10px||5px||false|false\u00a0\u00bb sticky_enabled=\u00a0\u00bb0&Prime;]<\/p>\n<h1 style=\"text-align: center;\">Notes biographiques<\/h1>\n<p>[\/et_pb_text][et_pb_text _builder_version=\u00a0\u00bb4.20.0&Prime; _module_preset=\u00a0\u00bbdefault\u00a0\u00bb header_4_font=\u00a0\u00bb|700|||||||\u00a0\u00bb hover_enabled=\u00a0\u00bb0&Prime; text_orientation_tablet=\u00a0\u00bbjustified\u00a0\u00bb text_orientation_phone=\u00a0\u00bbjustified\u00a0\u00bb text_orientation_last_edited=\u00a0\u00bbon|phone\u00a0\u00bb global_colors_info=\u00a0\u00bb{}\u00a0\u00bb text_orientation=\u00a0\u00bbjustified\u00a0\u00bb sticky_enabled=\u00a0\u00bb0&Prime;]<\/p>\n<p>N\u00e9 \u00e0 Montr\u00e9al, Jean Gareau a re\u00e7u une formation d\u2019architecte quand elle \u00e9tait donn\u00e9e \u00e0 l\u2019\u00c9cole des Beaux-arts de Montr\u00e9al. Il avait commenc\u00e9 \u00e0 peindre plus t\u00f4t sous la direction du sculpteur Louis Archambault et du peintre Jacques de Tonnancour. Plusieurs ann\u00e9es plus tard, apr\u00e8s une carri\u00e8re d\u2019architecte. Il a travaill\u00e9 avec David Gillanders au Mus\u00e9e des Beaux-arts de Montr\u00e9al et \u00e0 l\u2019atelier de Pierre Lafleur, peintre et muraliste. Artiste autonome, il travaille maintenant dans son propre atelier. Ses mediums pr\u00e9f\u00e9r\u00e9s sont l\u2019acrylique et le pastel.<\/p>\n<p>Jean Gareau a expos\u00e9 en solo \u00e0 Qu\u00e9bec en 2008 et 2009, \u00e0 Paris en 2011 et 2012 et \u00e0 Montr\u00e9al en 2014, 2017 et 2019. Il a particip\u00e9 \u00e0 plus de vingt-cinq expositions collectives \u00e0 Montr\u00e9al, \u00e0 Qu\u00e9bec et en r\u00e9gion.<\/p>\n<p>Plusieurs de ses \u0153uvres font partie de collections priv\u00e9es au Qu\u00e9bec et en Europe.<\/p>\n<p>[\/et_pb_text][\/et_pb_column][\/et_pb_row][et_pb_row column_structure=\u00a0\u00bb1_2,1_2&Prime; _builder_version=\u00a0\u00bb4.20.0&Prime; _module_preset=\u00a0\u00bbdefault\u00a0\u00bb background_color=\u00a0\u00bb#FFFFFF\u00a0\u00bb width_tablet=\u00a0\u00bb100%\u00a0\u00bb width_phone=\u00a0\u00bb100%\u00a0\u00bb width_last_edited=\u00a0\u00bbon|tablet\u00a0\u00bb custom_padding=\u00a0\u00bb10px|50px|10px|50px|true|true\u00a0\u00bb box_shadow_style=\u00a0\u00bbpreset1&Prime; box_shadow_vertical=\u00a0\u00bb29px\u00a0\u00bb global_colors_info=\u00a0\u00bb{}\u00a0\u00bb][et_pb_column type=\u00a0\u00bb1_2&Prime; _builder_version=\u00a0\u00bb4.19.5&Prime; _module_preset=\u00a0\u00bbdefault\u00a0\u00bb global_colors_info=\u00a0\u00bb{}\u00a0\u00bb][et_pb_image src=\u00a0\u00bbhttp:\/\/artistepeintre-jeangareau.com\/wp-content\/uploads\/2023\/02\/009.jpg\u00a0\u00bb title_text=\u00a0\u00bb009&Prime; align=\u00a0\u00bbcenter\u00a0\u00bb disabled_on=\u00a0\u00bboff|off|on\u00a0\u00bb _builder_version=\u00a0\u00bb4.20.0&Prime; _module_preset=\u00a0\u00bbdefault\u00a0\u00bb module_alignment=\u00a0\u00bbcenter\u00a0\u00bb custom_padding=\u00a0\u00bb||||false|false\u00a0\u00bb custom_padding_tablet=\u00a0\u00bb0px||||false|false\u00a0\u00bb custom_padding_phone=\u00a0\u00bb0px||||false|false\u00a0\u00bb custom_padding_last_edited=\u00a0\u00bbon|phone\u00a0\u00bb hover_enabled=\u00a0\u00bb0&Prime; global_colors_info=\u00a0\u00bb{}\u00a0\u00bb width=\u00a0\u00bb90%\u00a0\u00bb custom_margin=\u00a0\u00bb||||false|false\u00a0\u00bb sticky_enabled=\u00a0\u00bb0&Prime;][\/et_pb_image][et_pb_text _builder_version=\u00a0\u00bb4.20.0&Prime; _module_preset=\u00a0\u00bbdefault\u00a0\u00bb header_font=\u00a0\u00bb|700|||||||\u00a0\u00bb header_text_align=\u00a0\u00bbcenter\u00a0\u00bb header_text_color=\u00a0\u00bb#FFFFFF\u00a0\u00bb header_font_size=\u00a0\u00bb40px\u00a0\u00bb header_letter_spacing=\u00a0\u00bb-2px\u00a0\u00bb custom_margin=\u00a0\u00bb20px||20px||false|false\u00a0\u00bb custom_margin_tablet=\u00a0\u00bb10px||10px||false|false\u00a0\u00bb custom_margin_phone=\u00a0\u00bb10px||10px||false|false\u00a0\u00bb custom_margin_last_edited=\u00a0\u00bbon|phone\u00a0\u00bb hover_enabled=\u00a0\u00bb0&Prime; header_font_size_tablet=\u00a0\u00bb50px\u00a0\u00bb header_font_size_phone=\u00a0\u00bb49px\u00a0\u00bb header_font_size_last_edited=\u00a0\u00bbon|desktop\u00a0\u00bb global_colors_info=\u00a0\u00bb{}\u00a0\u00bb background_color=\u00a0\u00bb#000000&Prime; custom_padding=\u00a0\u00bb10px||5px||false|false\u00a0\u00bb sticky_enabled=\u00a0\u00bb0&Prime;]<\/p>\n<h1 style=\"text-align: center;\">Le parcours de l&rsquo;artiste<\/h1>\n<p>[\/et_pb_text][et_pb_text module_class=\u00a0\u00bbtwo-column\u00a0\u00bb _builder_version=\u00a0\u00bb4.20.0&Prime; _module_preset=\u00a0\u00bbdefault\u00a0\u00bb header_4_font=\u00a0\u00bb|700|||||||\u00a0\u00bb hover_enabled=\u00a0\u00bb0&Prime; text_orientation_tablet=\u00a0\u00bbjustified\u00a0\u00bb text_orientation_phone=\u00a0\u00bbjustified\u00a0\u00bb text_orientation_last_edited=\u00a0\u00bbon|tablet\u00a0\u00bb global_colors_info=\u00a0\u00bb{}\u00a0\u00bb text_orientation=\u00a0\u00bbjustified\u00a0\u00bb sticky_enabled=\u00a0\u00bb0&Prime;]<\/p>\n<p>Croqu\u00e9e sur le motif et reprise en atelier ou cr\u00e9\u00e9e en atelier sur la base d&rsquo;impressions retenues, de souvenirs reconstruits, la peinture de Jean Gareau, d&rsquo;abord de paysage, glisse de plus en plus vers !&rsquo;abstraction. Les coloris surprennent \u00e0 !&rsquo;occasion en mettant l&rsquo;accent sur la plasticit\u00e9 de la composition ou sur le simple plaisir de saturer le tableau d&rsquo;une couleur vive. Les paysages sont souvent imaginaires fr\u00f4lant les fronti\u00e8res figuratives ou s&rsquo;en \u00e9loignant pour devenir le reflet de la m\u00e9moire qui loin de tout retenir, classe, organise et sch\u00e9matise les souvenirs.<\/p>\n<p>Dans ces courants figuratif et non-figuratif, la gestuelle s&rsquo;impose comme caract\u00e9ristique. Elle donne alors place \u00e0 l&rsquo;inconscient et \u00e0 la spontan\u00e9it\u00e9. Les couleurs se projettent souvent en accords compl\u00e9mentaires.<\/p>\n<p>Le geste spontan\u00e9 est quelquefois violent et explosif. L&rsquo;\u0153uvre se compose et s&rsquo;organise g\u00e9n\u00e9ralement en cours d&rsquo;\u00e9x\u00e9cution. II y a une grande part al\u00e9atoire o\u00f9 la nature et le cosmos s&rsquo;invitent dans le tableau. Orienter les couleurs et les coulures dans un sens ou l&rsquo;autre, retravailler par balayages successifs, cr\u00e9ent un ensemble que le peintre voudrait communicatif. Le tableau passe ainsi du figuratif au non figuratif, recr\u00e9ant une vision au second degr\u00e9. O\u00f9 sont les fronti\u00e8res ?<\/p>\n<p>Y en a-t-il encore ? Pour Jean Gareau, l&rsquo;essentiel est de partager une \u00e9motion et de provoquer un \u00e9change avec l&rsquo;amateur. \u00c0 chaque \u00e9poque, les peintres ont essay\u00e9 de donner un sens \u00e0 la condition humaine. Comme le dit si bien Marguerite Yourcenar \u00ab Le monde n&rsquo;est qu&rsquo;un amas de t\u00e2ches confuses jet\u00e9es sur le vide par un peintre insens\u00e9 \u00bb.<\/p>\n<p>[\/et_pb_text][\/et_pb_column][et_pb_column _builder_version=\u00a0\u00bb4.20.0&Prime; _module_preset=\u00a0\u00bbdefault\u00a0\u00bb type=\u00a0\u00bb1_2&Prime;][et_pb_image src=\u00a0\u00bbhttp:\/\/artistepeintre-jeangareau.com\/wp-content\/uploads\/2023\/02\/009.jpg\u00a0\u00bb title_text=\u00a0\u00bb009&Prime; align=\u00a0\u00bbcenter\u00a0\u00bb disabled_on=\u00a0\u00bbon|on|off\u00a0\u00bb _builder_version=\u00a0\u00bb4.20.0&Prime; _module_preset=\u00a0\u00bbdefault\u00a0\u00bb module_alignment=\u00a0\u00bbcenter\u00a0\u00bb custom_padding=\u00a0\u00bb||||false|false\u00a0\u00bb custom_padding_tablet=\u00a0\u00bb0px||||false|false\u00a0\u00bb custom_padding_phone=\u00a0\u00bb0px||||false|false\u00a0\u00bb custom_padding_last_edited=\u00a0\u00bbon|phone\u00a0\u00bb hover_enabled=\u00a0\u00bb0&Prime; global_colors_info=\u00a0\u00bb{}\u00a0\u00bb width=\u00a0\u00bb90%\u00a0\u00bb custom_margin=\u00a0\u00bb110px||||false|false\u00a0\u00bb sticky_enabled=\u00a0\u00bb0&Prime;][\/et_pb_image][\/et_pb_column][\/et_pb_row][\/et_pb_section]<\/p>\n","protected":false},"excerpt":{"rendered":"<p>Jean GareauNotes biographiquesN\u00e9 \u00e0 Montr\u00e9al, Jean Gareau a re\u00e7u une formation d\u2019architecte quand elle \u00e9tait donn\u00e9e \u00e0 l\u2019\u00c9cole des Beaux-arts de Montr\u00e9al. Il avait commenc\u00e9 \u00e0 peindre plus t\u00f4t sous la direction du sculpteur Louis Archambault et du peintre Jacques de Tonnancour. Plusieurs ann\u00e9es plus tard, apr\u00e8s une carri\u00e8re d\u2019architecte. Il a travaill\u00e9 avec David [&hellip;]<\/p>\n","protected":false},"author":1,"featured_media":0,"parent":0,"menu_order":0,"comment_status":"closed","ping_status":"closed","template":"","meta":{"_et_pb_use_builder":"on","_et_pb_old_content":"","_et_gb_content_width":"","footnotes":""},"class_list":["post-243887","page","type-page","status-publish","hentry"],"_links":{"self":[{"href":"http:\/\/artistepeintre-jeangareau.com\/fr\/wp-json\/wp\/v2\/pages\/243887","targetHints":{"allow":["GET"]}}],"collection":[{"href":"http:\/\/artistepeintre-jeangareau.com\/fr\/wp-json\/wp\/v2\/pages"}],"about":[{"href":"http:\/\/artistepeintre-jeangareau.com\/fr\/wp-json\/wp\/v2\/types\/page"}],"author":[{"embeddable":true,"href":"http:\/\/artistepeintre-jeangareau.com\/fr\/wp-json\/wp\/v2\/users\/1"}],"replies":[{"embeddable":true,"href":"http:\/\/artistepeintre-jeangareau.com\/fr\/wp-json\/wp\/v2\/comments?post=243887"}],"version-history":[{"count":10,"href":"http:\/\/artistepeintre-jeangareau.com\/fr\/wp-json\/wp\/v2\/pages\/243887\/revisions"}],"predecessor-version":[{"id":243909,"href":"http:\/\/artistepeintre-jeangareau.com\/fr\/wp-json\/wp\/v2\/pages\/243887\/revisions\/243909"}],"wp:attachment":[{"href":"http:\/\/artistepeintre-jeangareau.com\/fr\/wp-json\/wp\/v2\/media?parent=243887"}],"curies":[{"name":"wp","href":"https:\/\/api.w.org\/{rel}","templated":true}]}}