{"id":243872,"date":"2022-10-30T21:16:35","date_gmt":"2022-10-31T01:16:35","guid":{"rendered":"https:\/\/artistepeintre-jeangareau.com\/expositions\/"},"modified":"2023-03-04T16:07:21","modified_gmt":"2023-03-04T20:07:21","slug":"expositions","status":"publish","type":"page","link":"http:\/\/artistepeintre-jeangareau.com\/fr\/expositions\/","title":{"rendered":"Expositions"},"content":{"rendered":"<p>[et_pb_section fb_built=\u00a0\u00bb1&Prime; _builder_version=\u00a0\u00bb4.19.5&Prime; _module_preset=\u00a0\u00bbdefault\u00a0\u00bb background_color=\u00a0\u00bbrgba(0,0,0,0.75)\u00a0\u00bb background_image=\u00a0\u00bbhttp:\/\/artistepeintre-jeangareau.com\/wp-content\/uploads\/2023\/02\/9.jpg\u00a0\u00bb background_blend=\u00a0\u00bbmultiply\u00a0\u00bb custom_margin=\u00a0\u00bb0px|0px|0px|0px|false|false\u00a0\u00bb custom_padding=\u00a0\u00bb0px|0px|0px|0px|false|false\u00a0\u00bb global_colors_info=\u00a0\u00bb{}\u00a0\u00bb][et_pb_row _builder_version=\u00a0\u00bb4.19.5&Prime; _module_preset=\u00a0\u00bbdefault\u00a0\u00bb background_color=\u00a0\u00bb#FFFFFF\u00a0\u00bb background_enable_image=\u00a0\u00bboff\u00a0\u00bb width_tablet=\u00a0\u00bb100%\u00a0\u00bb width_phone=\u00a0\u00bb100%\u00a0\u00bb width_last_edited=\u00a0\u00bbon|phone\u00a0\u00bb custom_padding=\u00a0\u00bb0px||0px||false|false\u00a0\u00bb box_shadow_style=\u00a0\u00bbpreset1&Prime; global_colors_info=\u00a0\u00bb{}\u00a0\u00bb][et_pb_column type=\u00a0\u00bb4_4&Prime; _builder_version=\u00a0\u00bb4.19.5&Prime; _module_preset=\u00a0\u00bbdefault\u00a0\u00bb global_colors_info=\u00a0\u00bb{}\u00a0\u00bb][et_pb_text _builder_version=\u00a0\u00bb4.19.5&Prime; _module_preset=\u00a0\u00bbdefault\u00a0\u00bb header_font=\u00a0\u00bb|700||on|||||\u00a0\u00bb header_text_align=\u00a0\u00bbcenter\u00a0\u00bb header_text_color=\u00a0\u00bb#000000&Prime; header_font_size=\u00a0\u00bb70px\u00a0\u00bb header_letter_spacing=\u00a0\u00bb-2px\u00a0\u00bb custom_margin=\u00a0\u00bb50px||50px||false|false\u00a0\u00bb custom_margin_tablet=\u00a0\u00bb10px||10px||false|false\u00a0\u00bb custom_margin_phone=\u00a0\u00bb10px||10px||false|false\u00a0\u00bb custom_margin_last_edited=\u00a0\u00bbon|phone\u00a0\u00bb header_font_size_tablet=\u00a0\u00bb50px\u00a0\u00bb header_font_size_phone=\u00a0\u00bb49px\u00a0\u00bb header_font_size_last_edited=\u00a0\u00bbon|desktop\u00a0\u00bb global_colors_info=\u00a0\u00bb{}\u00a0\u00bb]<\/p>\n<h1 style=\"text-align: center;\">expositions<\/h1>\n<p>[\/et_pb_text][\/et_pb_column][\/et_pb_row][et_pb_row _builder_version=\u00a0\u00bb4.19.5&Prime; _module_preset=\u00a0\u00bbdefault\u00a0\u00bb background_color=\u00a0\u00bb#FFFFFF\u00a0\u00bb background_enable_image=\u00a0\u00bboff\u00a0\u00bb width_tablet=\u00a0\u00bb100%\u00a0\u00bb width_phone=\u00a0\u00bb100%\u00a0\u00bb width_last_edited=\u00a0\u00bbon|phone\u00a0\u00bb custom_padding=\u00a0\u00bb0px||0px||false|false\u00a0\u00bb box_shadow_style=\u00a0\u00bbpreset1&Prime; global_colors_info=\u00a0\u00bb{}\u00a0\u00bb][et_pb_column type=\u00a0\u00bb4_4&Prime; _builder_version=\u00a0\u00bb4.19.5&Prime; _module_preset=\u00a0\u00bbdefault\u00a0\u00bb global_colors_info=\u00a0\u00bb{}\u00a0\u00bb][et_pb_image src=\u00a0\u00bbhttp:\/\/artistepeintre-jeangareau.com\/wp-content\/uploads\/2023\/02\/366A4980-1.jpg\u00a0\u00bb title_text=\u00a0\u00bb366A4980&Prime; _builder_version=\u00a0\u00bb4.20.0&Prime; _module_preset=\u00a0\u00bbdefault\u00a0\u00bb global_colors_info=\u00a0\u00bb{}\u00a0\u00bb][\/et_pb_image][et_pb_text _builder_version=\u00a0\u00bb4.20.0&Prime; _module_preset=\u00a0\u00bbdefault\u00a0\u00bb header_font=\u00a0\u00bb|700|||||||\u00a0\u00bb header_text_align=\u00a0\u00bbcenter\u00a0\u00bb header_text_color=\u00a0\u00bb#000000&Prime; header_font_size=\u00a0\u00bb40px\u00a0\u00bb header_letter_spacing=\u00a0\u00bb-2px\u00a0\u00bb custom_margin=\u00a0\u00bb20px||20px||false|false\u00a0\u00bb custom_margin_tablet=\u00a0\u00bb10px||10px||false|false\u00a0\u00bb custom_margin_phone=\u00a0\u00bb10px||10px||false|false\u00a0\u00bb custom_margin_last_edited=\u00a0\u00bbon|phone\u00a0\u00bb header_font_size_tablet=\u00a0\u00bb50px\u00a0\u00bb header_font_size_phone=\u00a0\u00bb49px\u00a0\u00bb header_font_size_last_edited=\u00a0\u00bbon|desktop\u00a0\u00bb global_colors_info=\u00a0\u00bb{}\u00a0\u00bb]<\/p>\n<h1 style=\"text-align: center;\">Expositions solo<\/h1>\n<p>[\/et_pb_text][\/et_pb_column][\/et_pb_row][et_pb_row column_structure=\u00a0\u00bb1_2,1_2&Prime; _builder_version=\u00a0\u00bb4.20.0&Prime; _module_preset=\u00a0\u00bbdefault\u00a0\u00bb background_color=\u00a0\u00bb#FFFFFF\u00a0\u00bb width_tablet=\u00a0\u00bb100%\u00a0\u00bb width_phone=\u00a0\u00bb100%\u00a0\u00bb width_last_edited=\u00a0\u00bbon|tablet\u00a0\u00bb custom_padding=\u00a0\u00bb10px|100px|10px|100px|true|true\u00a0\u00bb box_shadow_style=\u00a0\u00bbpreset1&Prime; box_shadow_vertical=\u00a0\u00bb29px\u00a0\u00bb global_colors_info=\u00a0\u00bb{}\u00a0\u00bb][et_pb_column type=\u00a0\u00bb1_2&Prime; _builder_version=\u00a0\u00bb4.19.5&Prime; _module_preset=\u00a0\u00bbdefault\u00a0\u00bb global_colors_info=\u00a0\u00bb{}\u00a0\u00bb][et_pb_text _builder_version=\u00a0\u00bb4.20.0&Prime; _module_preset=\u00a0\u00bbdefault\u00a0\u00bb header_4_font=\u00a0\u00bb|700|||||||\u00a0\u00bb custom_padding=\u00a0\u00bb|||40px|false|false\u00a0\u00bb custom_padding_tablet=\u00a0\u00bb|||0px|false|false\u00a0\u00bb custom_padding_phone=\u00a0\u00bb|||0px|false|false\u00a0\u00bb custom_padding_last_edited=\u00a0\u00bbon|phone\u00a0\u00bb text_orientation_tablet=\u00a0\u00bbcenter\u00a0\u00bb text_orientation_phone=\u00a0\u00bbcenter\u00a0\u00bb text_orientation_last_edited=\u00a0\u00bbon|desktop\u00a0\u00bb global_colors_info=\u00a0\u00bb{}\u00a0\u00bb]<\/p>\n<p>Montr\u00e9al<br \/>10 f\u00e9vrier au 17 mars 2019<br \/>Galerie du Rockhill, Montr\u00e9al<br \/><strong>Trajectoires<\/strong><\/p>\n<p>Montr\u00e9al<br \/>2 au 7 mai 2017<br \/>Galerie l\u2019Espace contemporain, Montr\u00e9al<br \/><strong>Paysages imaginaires<\/strong><\/p>\n<p>Montr\u00e9al<br \/>16 au 28 septembre 2014<br \/>Galerie l\u2019Espace contemporain, Montr\u00e9al<br \/><strong>\u00c9clat floral et cosmique<\/strong><\/p>\n<p>Paris<br \/>16 au 29 octobre 2012<br \/>Galerie \u00c9tienne de Causans, Paris 6\u00e8<br \/><strong>Couleurs du Qu\u00e9bec<\/strong><\/p>\n<p>[\/et_pb_text][\/et_pb_column][et_pb_column type=\u00a0\u00bb1_2&Prime; _builder_version=\u00a0\u00bb4.19.5&Prime; _module_preset=\u00a0\u00bbdefault\u00a0\u00bb global_colors_info=\u00a0\u00bb{}\u00a0\u00bb][et_pb_text _builder_version=\u00a0\u00bb4.20.0&Prime; _module_preset=\u00a0\u00bbdefault\u00a0\u00bb header_4_font=\u00a0\u00bb|700|||||||\u00a0\u00bb hover_enabled=\u00a0\u00bb0&Prime; text_orientation_tablet=\u00a0\u00bbcenter\u00a0\u00bb text_orientation_phone=\u00a0\u00bbcenter\u00a0\u00bb text_orientation_last_edited=\u00a0\u00bbon|desktop\u00a0\u00bb global_colors_info=\u00a0\u00bb{}\u00a0\u00bb sticky_enabled=\u00a0\u00bb0&Prime;]<\/p>\n<p>Paris<br \/>2 au 16 avril 2011<br \/>Galerie \u00c9tienne de Causans, Paris 6\u00e8me<br \/><strong>M\u00e9moire de paysages \u2013 Paysages de m\u00e9moire<\/strong><\/p>\n<p>Outremont, Montr\u00e9al<br \/>26 avril au 29 mai 2011<br \/>Restaurant La Moulerie, Outremont<br \/><strong>M\u00e9moires de vacances<\/strong><\/p>\n<p>\u00cele d\u2019Orl\u00e9ans, Qu\u00e9bec<br \/>2 octobre au 5 d\u00e9cembre 2008<br \/>Espace F\u00e9lix-Leclerc<br \/><strong>M\u00e9moire des arbres<\/strong><\/p>\n<p>\u00cele d\u2019Orl\u00e9ans, Qu\u00e9bec<br \/>20 juin au 20 ao\u00fbt 2009<br \/>Espace F\u00e9lix-Leclerc<br \/><strong>Par chemins d\u00e9tourn\u00e9s<\/strong><\/p>\n<p>[\/et_pb_text][\/et_pb_column][\/et_pb_row][et_pb_row _builder_version=\u00a0\u00bb4.20.0&Prime; _module_preset=\u00a0\u00bbdefault\u00a0\u00bb background_color=\u00a0\u00bb#FFFFFF\u00a0\u00bb background_enable_image=\u00a0\u00bboff\u00a0\u00bb width_tablet=\u00a0\u00bb100%\u00a0\u00bb width_phone=\u00a0\u00bb100%\u00a0\u00bb width_last_edited=\u00a0\u00bbon|phone\u00a0\u00bb custom_padding=\u00a0\u00bb0px||||false|false\u00a0\u00bb box_shadow_style=\u00a0\u00bbpreset1&Prime; box_shadow_vertical=\u00a0\u00bb20px\u00a0\u00bb global_colors_info=\u00a0\u00bb{}\u00a0\u00bb][et_pb_column type=\u00a0\u00bb4_4&Prime; _builder_version=\u00a0\u00bb4.19.5&Prime; _module_preset=\u00a0\u00bbdefault\u00a0\u00bb global_colors_info=\u00a0\u00bb{}\u00a0\u00bb][et_pb_image src=\u00a0\u00bbhttp:\/\/artistepeintre-jeangareau.com\/wp-content\/uploads\/2023\/02\/366A4907.jpg\u00a0\u00bb title_text=\u00a0\u00bb366A4907&Prime; _builder_version=\u00a0\u00bb4.20.0&Prime; _module_preset=\u00a0\u00bbdefault\u00a0\u00bb width=\u00a0\u00bb100%\u00a0\u00bb max_width=\u00a0\u00bb100%\u00a0\u00bb module_alignment=\u00a0\u00bbcenter\u00a0\u00bb custom_padding=\u00a0\u00bb20px|0px||0px|false|true\u00a0\u00bb global_colors_info=\u00a0\u00bb{}\u00a0\u00bb][\/et_pb_image][et_pb_text _builder_version=\u00a0\u00bb4.20.0&Prime; _module_preset=\u00a0\u00bbdefault\u00a0\u00bb header_font=\u00a0\u00bb|700|||||||\u00a0\u00bb header_text_align=\u00a0\u00bbcenter\u00a0\u00bb header_text_color=\u00a0\u00bb#000000&Prime; header_font_size=\u00a0\u00bb40px\u00a0\u00bb header_letter_spacing=\u00a0\u00bb-2px\u00a0\u00bb custom_margin=\u00a0\u00bb20px||20px||false|false\u00a0\u00bb custom_margin_tablet=\u00a0\u00bb10px||10px||false|false\u00a0\u00bb custom_margin_phone=\u00a0\u00bb10px||10px||false|false\u00a0\u00bb custom_margin_last_edited=\u00a0\u00bbon|phone\u00a0\u00bb header_font_size_tablet=\u00a0\u00bb50px\u00a0\u00bb header_font_size_phone=\u00a0\u00bb49px\u00a0\u00bb header_font_size_last_edited=\u00a0\u00bbon|desktop\u00a0\u00bb global_colors_info=\u00a0\u00bb{}\u00a0\u00bb]<\/p>\n<h1 style=\"text-align: center;\">Expositions collectives<\/h1>\n<p>[\/et_pb_text][et_pb_text _builder_version=\u00a0\u00bb4.20.0&Prime; _module_preset=\u00a0\u00bbdefault\u00a0\u00bb header_4_font=\u00a0\u00bb|700|||||||\u00a0\u00bb custom_padding=\u00a0\u00bb0px|100px||100px|false|true\u00a0\u00bb custom_padding_tablet=\u00a0\u00bb0px|100px||100px|false|true\u00a0\u00bb custom_padding_phone=\u00a0\u00bb0px|100px||100px|false|true\u00a0\u00bb custom_padding_last_edited=\u00a0\u00bbon|desktop\u00a0\u00bb global_colors_info=\u00a0\u00bb{}\u00a0\u00bb]<\/p>\n<p style=\"text-align: center;\"><strong>Galerie du Rockhill<\/strong>, Montr\u00e9al, 30 mai au 19 juillet 2019<br \/><strong>Galerie L\u2019Espace contemporain<\/strong>, Qu\u00e9bec, 1er au 12 octobre 2014<br \/><strong>Galerie L\u2019Espace contemporain<\/strong>, Montr\u00e9al, avril 2012, f\u00e9vrier 2013 et octobre 2016<br \/><strong>Parc des Artistes<\/strong>, sous l\u2019\u00e9gide de la Galerie d\u2019art d\u2019Outremont, (GAO) : de 2007 \u00e0 2014<br \/><strong>Symposium de peinture du Kamouraska<\/strong>, de 2009 \u00e0 2013<br \/><strong>La Vieille Usine <\/strong>de l\u2019Anse-\u00e0-Beaufils (Perc\u00e9) \u00e9t\u00e9 2009, 2010 et 2011.<br \/><strong>Pastel Society of Eastern Canada (PSEC)<\/strong> Exposition de 2008, 2009, 2010 et 2011<\/p>\n<h4 style=\"text-align: center;\">Prix<\/h4>\n<p style=\"text-align: center;\">Mention honorable de la PSEC, 2008<\/p>\n<h4 style=\"text-align: center;\">Collections priv\u00e9es<\/h4>\n<p style=\"text-align: center;\">Montr\u00e9al, Qu\u00e9bec, Paris et Grenoble<\/p>\n<p>[\/et_pb_text][\/et_pb_column][\/et_pb_row][\/et_pb_section]<\/p>\n","protected":false},"excerpt":{"rendered":"<p>expositionsExpositions soloMontr\u00e9al10 f\u00e9vrier au 17 mars 2019Galerie du Rockhill, Montr\u00e9alTrajectoires Montr\u00e9al2 au 7 mai 2017Galerie l\u2019Espace contemporain, Montr\u00e9alPaysages imaginaires Montr\u00e9al16 au 28 septembre 2014Galerie l\u2019Espace contemporain, Montr\u00e9al\u00c9clat floral et cosmique Paris16 au 29 octobre 2012Galerie \u00c9tienne de Causans, Paris 6\u00e8Couleurs du Qu\u00e9becParis2 au 16 avril 2011Galerie \u00c9tienne de Causans, Paris 6\u00e8meM\u00e9moire de paysages \u2013 Paysages [&hellip;]<\/p>\n","protected":false},"author":1,"featured_media":0,"parent":0,"menu_order":0,"comment_status":"closed","ping_status":"closed","template":"","meta":{"_et_pb_use_builder":"on","_et_pb_old_content":"","_et_gb_content_width":"","footnotes":""},"class_list":["post-243872","page","type-page","status-publish","hentry"],"_links":{"self":[{"href":"http:\/\/artistepeintre-jeangareau.com\/fr\/wp-json\/wp\/v2\/pages\/243872","targetHints":{"allow":["GET"]}}],"collection":[{"href":"http:\/\/artistepeintre-jeangareau.com\/fr\/wp-json\/wp\/v2\/pages"}],"about":[{"href":"http:\/\/artistepeintre-jeangareau.com\/fr\/wp-json\/wp\/v2\/types\/page"}],"author":[{"embeddable":true,"href":"http:\/\/artistepeintre-jeangareau.com\/fr\/wp-json\/wp\/v2\/users\/1"}],"replies":[{"embeddable":true,"href":"http:\/\/artistepeintre-jeangareau.com\/fr\/wp-json\/wp\/v2\/comments?post=243872"}],"version-history":[{"count":17,"href":"http:\/\/artistepeintre-jeangareau.com\/fr\/wp-json\/wp\/v2\/pages\/243872\/revisions"}],"predecessor-version":[{"id":243913,"href":"http:\/\/artistepeintre-jeangareau.com\/fr\/wp-json\/wp\/v2\/pages\/243872\/revisions\/243913"}],"wp:attachment":[{"href":"http:\/\/artistepeintre-jeangareau.com\/fr\/wp-json\/wp\/v2\/media?parent=243872"}],"curies":[{"name":"wp","href":"https:\/\/api.w.org\/{rel}","templated":true}]}}